{"id":71,"date":"2025-04-03T13:51:42","date_gmt":"2025-04-03T11:51:42","guid":{"rendered":"https:\/\/test2.manron.pl\/?page_id=71"},"modified":"2025-04-04T12:44:42","modified_gmt":"2025-04-04T10:44:42","slug":"o-nas","status":"publish","type":"page","link":"https:\/\/test2.manron.pl\/?page_id=71","title":{"rendered":"O nas"},"content":{"rendered":"<div data-colibri-id=\"71-c1\" class=\"style-466 style-local-71-c1 position-relative\">\n  <!---->\n  <div data-colibri-component=\"section\" data-colibri-id=\"71-c2\" id=\"custom\" class=\"h-section h-section-global-spacing d-flex align-items-lg-center align-items-md-center align-items-center style-467 style-local-71-c2 position-relative\">\n    <!---->\n    <!---->\n    <div class=\"h-section-grid-container h-section-boxed-container\">\n      <!---->\n      <div data-colibri-id=\"71-c3\" class=\"h-row-container gutters-row-lg-2 gutters-row-md-2 gutters-row-0 gutters-row-v-lg-2 gutters-row-v-md-2 gutters-row-v-2 style-470 style-local-71-c3 position-relative\">\n        <!---->\n        <div class=\"h-row justify-content-lg-center justify-content-md-center justify-content-center align-items-lg-stretch align-items-md-stretch align-items-stretch gutters-col-lg-2 gutters-col-md-2 gutters-col-0 gutters-col-v-lg-2 gutters-col-v-md-2 gutters-col-v-2\">\n          <!---->\n          <div class=\"h-column h-column-container d-flex h-col-lg-auto h-col-md-auto h-col-auto style-471-outer style-local-71-c4-outer\">\n            <div data-colibri-id=\"71-c4\" class=\"d-flex h-flex-basis h-column__inner h-px-lg-2 h-px-md-2 h-px-2 v-inner-lg-2 v-inner-md-2 v-inner-2 style-471 style-local-71-c4 position-relative\">\n              <!---->\n              <!---->\n              <div class=\"w-100 h-y-container h-column__content h-column__v-align flex-basis-100 align-self-lg-start align-self-md-start align-self-start\">\n                <!---->\n                <div data-colibri-id=\"71-c5\" class=\"h-global-transition-all h-heading style-473 style-local-71-c5 position-relative h-element\">\n                  <!---->\n                  <div class=\"h-heading__outer style-473 style-local-71-c5\">\n                    <!---->\n                    <!---->\n                    <h2 class=\"\">Zaprojektowany na \u017cyczenie\n                      <br>dostrojone przez ucho<\/h2>\n                  <\/div>\n                <\/div>\n              <\/div>\n            <\/div>\n          <\/div>\n          <div class=\"h-column h-column-container d-flex h-col-lg-auto h-col-md-auto h-col-auto style-472-outer style-local-71-c6-outer\">\n            <div data-colibri-id=\"71-c6\" class=\"d-flex h-flex-basis h-column__inner h-ui-empty-state-container h-px-lg-2 h-px-md-2 h-px-2 v-inner-lg-2 v-inner-md-2 v-inner-2 style-472 style-local-71-c6 position-relative\">\n              <!---->\n              <!---->\n              <div class=\"w-100 h-y-container h-column__content h-column__v-align flex-basis-100\">\n                <!---->\n              <\/div>\n            <\/div>\n          <\/div>\n        <\/div>\n      <\/div>\n      <div data-colibri-id=\"71-c7\" class=\"h-row-container gutters-row-lg-2 gutters-row-md-2 gutters-row-0 gutters-row-v-lg-2 gutters-row-v-md-2 gutters-row-v-2 style-468 style-local-71-c7 position-relative\">\n        <!---->\n        <div class=\"h-row justify-content-lg-center justify-content-md-center justify-content-center align-items-lg-stretch align-items-md-stretch align-items-stretch gutters-col-lg-2 gutters-col-md-2 gutters-col-0 gutters-col-v-lg-2 gutters-col-v-md-2 gutters-col-v-2\">\n          <!---->\n          <div class=\"h-column h-column-container d-flex h-col-lg-auto h-col-md-auto h-col-auto style-469-outer style-local-71-c8-outer\">\n            <div data-colibri-id=\"71-c8\" class=\"d-flex h-flex-basis h-column__inner h-px-lg-2 h-px-md-2 h-px-2 v-inner-lg-2 v-inner-md-2 v-inner-2 style-469 style-local-71-c8 position-relative\">\n              <!---->\n              <!---->\n              <div class=\"w-100 h-y-container h-column__content h-column__v-align flex-basis-100 align-self-lg-start align-self-md-start align-self-start\">\n                <!---->\n                <div data-colibri-id=\"71-c9\" class=\"h-text h-text-component style-474 style-local-71-c9 position-relative h-element\">\n                  <!---->\n                  <!---->\n                  <div class=\"\">\n                    <p>Z g\u0142o\u015bnik\u00f3w Manron wydobywa si\u0119 czysty d\u017awi\u0119k. &nbsp;Nic wi\u0119cej. Dzi\u0119ki naszym systemom tubowym mo\u017cesz poczu\u0107 naturalny, &nbsp;nieprzetworzony d\u017awi\u0119k. Odkryj muzyk\u0119 na nowo. Pasja i profesjonalizm. &nbsp;Te dwa s\u0142owa odzwierciedlaj\u0105\n                      filozofi\u0119 firmy Manron.Wsp\u00f3lna pasja w po\u0142\u0105czeniu z do\u015bwiadczeniem pozwoli\u0142a nam stworzy\u0107 sprz\u0119t audio Manron o wyj\u0105tkowej jako\u015bci d\u017awi\u0119ku i niepowtarzalnej estetyce.<\/p>\n                  <\/div>\n                <\/div>\n              <\/div>\n            <\/div>\n          <\/div>\n        <\/div>\n      <\/div>\n    <\/div>\n  <\/div>\n  <div data-colibri-component=\"section\" data-colibri-id=\"71-c10\" id=\"custom-2\" class=\"h-section h-section-global-spacing d-flex align-items-lg-center align-items-md-center align-items-center style-475 style-local-71-c10 position-relative\">\n    <!---->\n    <!---->\n    <div class=\"h-section-grid-container h-section-boxed-container\">\n      <!---->\n      <div data-colibri-id=\"71-c11\" class=\"h-row-container gutters-row-lg-2 gutters-row-md-2 gutters-row-0 gutters-row-v-lg-2 gutters-row-v-md-2 gutters-row-v-2 style-481 style-local-71-c11 position-relative\">\n        <!---->\n        <div class=\"h-row justify-content-lg-center justify-content-md-center justify-content-center align-items-lg-stretch align-items-md-stretch align-items-stretch gutters-col-lg-2 gutters-col-md-2 gutters-col-0 gutters-col-v-lg-2 gutters-col-v-md-2 gutters-col-v-2\">\n          <!---->\n          <div class=\"h-column h-column-container d-flex h-col-lg-auto h-col-md-auto h-col-auto style-482-outer style-local-71-c12-outer\">\n            <div data-colibri-id=\"71-c12\" class=\"d-flex h-flex-basis h-column__inner h-ui-empty-state-container h-px-lg-2 h-px-md-2 h-px-2 v-inner-lg-2 v-inner-md-2 v-inner-2 style-482 style-local-71-c12 position-relative\">\n              <!---->\n              <!---->\n              <div class=\"w-100 h-y-container h-column__content h-column__v-align flex-basis-100\">\n                <!---->\n              <\/div>\n            <\/div>\n          <\/div>\n        <\/div>\n      <\/div>\n      <div data-colibri-id=\"71-c13\" class=\"h-row-container gutters-row-lg-2 gutters-row-md-2 gutters-row-0 gutters-row-v-lg-2 gutters-row-v-md-2 gutters-row-v-2 style-478 style-local-71-c13 position-relative\">\n        <!---->\n        <div class=\"h-row justify-content-lg-center justify-content-md-center justify-content-center align-items-lg-stretch align-items-md-stretch align-items-stretch gutters-col-lg-2 gutters-col-md-2 gutters-col-0 gutters-col-v-lg-2 gutters-col-v-md-2 gutters-col-v-2\">\n          <!---->\n          <div class=\"h-column h-column-container d-flex h-col-lg-auto h-col-md-auto h-col-auto style-479-outer style-local-71-c14-outer\">\n            <div data-colibri-id=\"71-c14\" class=\"d-flex h-flex-basis h-column__inner h-px-lg-2 h-px-md-2 h-px-2 v-inner-lg-2 v-inner-md-2 v-inner-2 style-479 style-local-71-c14 position-relative\">\n              <!---->\n              <!---->\n              <div class=\"w-100 h-y-container h-column__content h-column__v-align flex-basis-100 align-self-lg-start align-self-md-start align-self-start\">\n                <!---->\n                <div data-colibri-id=\"71-c15\" class=\"h-global-transition-all h-heading style-486 style-local-71-c15 position-relative h-element\">\n                  <!---->\n                  <div class=\"h-heading__outer style-486 style-local-71-c15\">\n                    <!---->\n                    <!---->\n                    <h2 class=\"\">CEO &amp; ZA\u0141O\u017bYCIEL\n                      <br>KRZYSZTOF SZMIT<\/h2>\n                  <\/div>\n                <\/div>\n                <div data-colibri-id=\"71-c16\" class=\"d-block style-484 style-local-71-c16 position-relative h-element\">\n                  <!---->\n                  <div class=\"h-image__frame-container-outer\">\n                    <div class=\"h-image__frame-container\">\n                      <!---->\n                      <!---->\n                      <img fetchpriority=\"high\" decoding=\"async\" width=\"391\" height=\"541\" src=\"https:\/\/test2.manron.pl\/wp-content\/uploads\/2025\/04\/cropped-founder.jpeg\" class=\"wp-image-234 style-484-image style-local-71-c16-image\" alt=\"\" srcset=\"https:\/\/test2.manron.pl\/wp-content\/uploads\/2025\/04\/cropped-founder.jpeg 391w, https:\/\/test2.manron.pl\/wp-content\/uploads\/2025\/04\/cropped-founder-217x300.jpeg 217w\" sizes=\"(max-width: 391px) 100vw, 391px\" \/>\n                      <div class=\"h-image__frame h-hide-lg h-hide-md h-hide-sm style-484-frameImage style-local-71-c16-frameImage\"><\/div>\n                    <\/div>\n                  <\/div>\n                <\/div>\n              <\/div>\n            <\/div>\n          <\/div>\n          <div class=\"h-column h-column-container d-flex h-col-lg-auto h-col-md-auto h-col-auto style-480-outer style-local-71-c17-outer\">\n            <div data-colibri-id=\"71-c17\" class=\"d-flex h-flex-basis h-column__inner h-px-lg-2 h-px-md-2 h-px-2 v-inner-lg-2 v-inner-md-2 v-inner-2 style-480 style-local-71-c17 position-relative\">\n              <!---->\n              <!---->\n              <div class=\"w-100 h-y-container h-column__content h-column__v-align flex-basis-100 align-self-lg-start align-self-md-start align-self-start\">\n                <!---->\n                <div data-colibri-id=\"71-c18\" class=\"h-global-transition-all h-heading style-487 style-local-71-c18 position-relative h-element\">\n                  <!---->\n                  <div class=\"h-heading__outer style-487 style-local-71-c18\">\n                    <!---->\n                    <!---->\n                    <h2 class=\"\">\u201cI listen carefully\u201d<\/h2>\n                  <\/div>\n                <\/div>\n                <div data-colibri-id=\"71-c19\" class=\"h-text h-text-component style-485 style-local-71-c19 position-relative h-element\">\n                  <!---->\n                  <!---->\n                  <div class=\"\">\n                    <p>Przez ponad 40 lat zdobywali\u015bmy do\u015bwiadczenie w \u015bwiecie wysokiej jako\u015bci d\u017awi\u0119ku. Teraz jeste\u015bmy podekscytowani, \u017ce mo\u017cemy podzieli\u0107 si\u0119 z wami tym, czego si\u0119 nauczyli\u015bmy. Bogata oferta dobrej jako\u015bci system\u00f3w d\u017awi\u0119kowych popchn\u0119\u0142a\n                      nas do zrobienia kroku naprz\u00f3d. Zaprojektowali\u015bmy absolutnie unikalne zestawy g\u0142o\u015bnik\u00f3w o artystycznym wygl\u0105dzie i ciep\u0142ej, szczeg\u00f3\u0142owej barwie.<\/p>\n                    <p>Wci\u0105\u017c jednak nie byli\u015bmy w pe\u0142ni usatysfakcjonowani. Stwierdzili\u015bmy, \u017ce nie ma systemu d\u017awi\u0119kowego, kt\u00f3ry odzwierciedla\u0142by indywidualne, muzyczne i estetyczne preferencje naszych wyj\u0105tkowych klient\u00f3w. To zainspirowa\u0142o nas do stworzenia\n                      systemu audio wy\u0142\u0105cznie na \u017c\u0105danie, skonfigurowanego i dostrojonego zgodnie z osobistymi potrzebami. Jako\u015b\u0107 produkt\u00f3w szytych na miar\u0119. Teraz mo\u017cemy dzieli\u0107 si\u0119 naszym profesjonalizmem i pasj\u0105 z ka\u017cdym, osobi\u015bcie.<\/p>\n                    <p>Zapraszamy do \u015bwiata wyj\u0105tkowych, mi\u0119kkich i koj\u0105cych dozna\u0144 d\u017awi\u0119kowych Manron.<\/p>\n                  <\/div>\n                <\/div>\n              <\/div>\n            <\/div>\n          <\/div>\n        <\/div>\n      <\/div>\n      <div data-colibri-id=\"71-c20\" class=\"h-row-container gutters-row-lg-2 gutters-row-md-2 gutters-row-0 gutters-row-v-lg-2 gutters-row-v-md-2 gutters-row-v-2 style-476 style-local-71-c20 position-relative\">\n        <!---->\n        <div class=\"h-row justify-content-lg-center justify-content-md-center justify-content-center align-items-lg-stretch align-items-md-stretch align-items-stretch gutters-col-lg-2 gutters-col-md-2 gutters-col-0 gutters-col-v-lg-2 gutters-col-v-md-2 gutters-col-v-2\">\n          <!---->\n          <div class=\"h-column h-column-container d-flex h-col-lg-auto h-col-md-auto h-col-auto style-477-outer style-local-71-c21-outer\">\n            <div data-colibri-id=\"71-c21\" class=\"d-flex h-flex-basis h-column__inner h-ui-empty-state-container h-px-lg-2 h-px-md-2 h-px-2 v-inner-lg-2 v-inner-md-2 v-inner-2 style-477 style-local-71-c21 position-relative\">\n              <!---->\n              <!---->\n              <div class=\"w-100 h-y-container h-column__content h-column__v-align flex-basis-100\">\n                <!---->\n              <\/div>\n            <\/div>\n          <\/div>\n        <\/div>\n      <\/div>\n    <\/div>\n  <\/div>\n<\/div>","protected":false},"excerpt":{"rendered":"<p>Zaprojektowany na \u017cyczenie dostrojone przez ucho Z g\u0142o\u015bnik\u00f3w Manron wydobywa si\u0119 czysty d\u017awi\u0119k. [&hellip;]<\/p>\n","protected":false},"author":1,"featured_media":0,"parent":0,"menu_order":0,"comment_status":"closed","ping_status":"closed","template":"page-templates\/full-width-page.php","meta":{"footnotes":""},"class_list":["post-71","page","type-page","status-publish","hentry"],"_links":{"self":[{"href":"https:\/\/test2.manron.pl\/index.php?rest_route=\/wp\/v2\/pages\/71","targetHints":{"allow":["GET"]}}],"collection":[{"href":"https:\/\/test2.manron.pl\/index.php?rest_route=\/wp\/v2\/pages"}],"about":[{"href":"https:\/\/test2.manron.pl\/index.php?rest_route=\/wp\/v2\/types\/page"}],"author":[{"embeddable":true,"href":"https:\/\/test2.manron.pl\/index.php?rest_route=\/wp\/v2\/users\/1"}],"replies":[{"embeddable":true,"href":"https:\/\/test2.manron.pl\/index.php?rest_route=%2Fwp%2Fv2%2Fcomments&post=71"}],"version-history":[{"count":3,"href":"https:\/\/test2.manron.pl\/index.php?rest_route=\/wp\/v2\/pages\/71\/revisions"}],"predecessor-version":[{"id":258,"href":"https:\/\/test2.manron.pl\/index.php?rest_route=\/wp\/v2\/pages\/71\/revisions\/258"}],"wp:attachment":[{"href":"https:\/\/test2.manron.pl\/index.php?rest_route=%2Fwp%2Fv2%2Fmedia&parent=71"}],"curies":[{"name":"wp","href":"https:\/\/api.w.org\/{rel}","templated":true}]}}